{"id":1270,"date":"2024-04-26T00:14:46","date_gmt":"2024-04-26T00:14:46","guid":{"rendered":"https:\/\/www.klipphausen.info\/wordpress\/?page_id=1270"},"modified":"2026-03-09T14:17:07","modified_gmt":"2026-03-09T14:17:07","slug":"ueber-uns","status":"publish","type":"page","link":"https:\/\/www.klipphausen.info\/?page_id=1270","title":{"rendered":"\u00dcber uns"},"content":{"rendered":"\n<p class=\"has-text-align-center\"><strong>-2014-<\/strong><\/p>\n\n\n\n<p>2014 wurde das &#8222;B\u00fcrgernetz, Ortsgruppe Klipphausen&#8220; (BNOGK) gegr\u00fcndet. Es wurde ein B\u00fcro eingerichtet und ausgestattet. Ziel war die Hilfestellung f\u00fcr unsere B\u00fcrger in Sachen Kommunikation mit der Gemeindeverwaltung und Beh\u00f6rden. Hier konnte recherchiert, geschrieben, gedruckt und an Empf\u00e4nger zugestellt werden. Post konnte rechtsverbindlich und kostenfrei per Fax\/Sendebericht  an Beh\u00f6rden zugestellt werden.<\/p>\n\n\n\n<p>Es wurde Begleitung angeboten bei Beh\u00f6rdeng\u00e4ngen, bei Recherche \u00fcber zust\u00e4ndige Beh\u00f6rden und Stellen der Landesdirektion, des Landratsamtes, der Rechts-und-Verwaltungsaufsicht, zust\u00e4ndigen Gerichten und \u00c4mtern.<\/p>\n\n\n\n<p class=\"has-text-align-center\"><strong>-2019-<\/strong><\/p>\n\n\n\n<p>2019 kandidierten die Afd-Mitglieder und Unterst\u00fctzer Achim Dachsel, Barbara Lenk, Dirk Benkstein und Marcel Golz auf der AfD-Liste f\u00fcr den Gemeinderat bzw. Kreistag. Die AfD erhielt von der W\u00e4hlerschaft gesamt 4 Pl\u00e4tze im Gemeinderat, welche nur mit 3 Kandidaten besetzt werden konnten. Damit waren nun die Neulinge Dachsel, Benkstein und Golz im Gemeinderat.<\/p>\n\n\n\n<p>F\u00fcr Barbara Lenk als Leiterin der Bibliothek der HfbK Dresden ergab sich aus der Kandidatur als Parteilose (!) eine wahre Schlammschlacht aus Hass und Hetze in der Einrichtung, welche durch die Studentenschaft sowie Kanzler und Rektor an der staatlichen Hochschule ausgel\u00f6st und aggressiv, skrupellos und menschenverachtend gef\u00fchrt wurde. Den ausf\u00fchrlichen Fall und dessen unerwartetes Ende kann man unter diesem link genauer nachlesen (link zur Doku, noch inaktiv).<\/p>\n\n\n\n<p class=\"has-text-align-center\"><strong>-2020-<\/strong><\/p>\n\n\n\n<p>2020 wurde die erste Fraktion im Gemeinderat Klipphausen &#8222;1. Fraktion im GR Klipphausen-B\u00fcrgernetz&#8220; gegr\u00fcndet. Mitglieder waren das AfD-Mitglied Dachsel und die Parteilosen Golz und Benkstein. Diese Fraktion war die 2. Fraktion in Sachsen und hatte den Sinn, f\u00fcr unsere B\u00fcrger die Verwaltung zu vereinfachen, B\u00fcrgern\u00e4he herzustellen und dem B\u00fcrger direkten Zugriff auf Beschl\u00fcsse und Akten der Verwaltung zu geben sowie die Verwaltung in Richtung &#8222;Direkte Demokratie durch B\u00fcrgerentscheide und -Abstimmungen&#8220; zu dirigieren. Die Fraktion hat Akteneinsichten genommen, sch\u00e4dliche Beschl\u00fcsse angefochten und einen Kommunalverfassungs &#8211; Streit am Verfassungsgericht f\u00fcr unsere B\u00fcrger gef\u00fchrt. N\u00e4heres findet sich in den Rechenschaftberichten der Fraktion. Die Fraktion endete planm\u00e4ssig mit der Konstituierung des neuen Gemeinderates 2024.<\/p>\n\n\n\n<p class=\"has-text-align-center\"><strong>-2024-<\/strong><\/p>\n\n\n\n<p>2024 wurde als Nachfolger bzw. Weiterf\u00fchrung der BNOGK-Fraktion B\u00fcrgernetz die offene satzungsfreie Liste B\u00fcrgernetz24 (BN24) f\u00fcr die Gemeinderatswahl erstellt. Ziel war es, parteifreie B\u00fcrger zu binden und sodann mit der Liste der Opposition im GR zusammenzuarbeiten sowie eine Mehrheit zu erreichen. <\/p>\n\n\n\n<p><\/p>\n\n\n\n<p><\/p>\n\n\n\n<p><\/p>\n\n\n\n<p><a href=\"https:\/\/www.klipphausen.info\/?page_id=441\" data-type=\"page\" data-id=\"441\">Rechenschaftsberichte<\/a><\/p>\n\n\n\n<p><a href=\"https:\/\/www.klipphausen.info\" data-type=\"link\" data-id=\"https:\/\/www.klipphausen.info\/wordpress\/index.php\">Startseite<\/a><\/p>\n\n\n\n<p><\/p>\n","protected":false},"excerpt":{"rendered":"<p>-2014- 2014 wurde das &#8222;B\u00fcrgernetz, Ortsgruppe Klipphausen&#8220; (BNOGK) gegr\u00fcndet. Es wurde ein B\u00fcro eingerichtet und ausgestattet. Ziel war die Hilfestellung f\u00fcr unsere B\u00fcrger in Sachen Kommunikation mit der Gemeindeverwaltung und&hellip;<\/p>\n","protected":false},"author":2,"featured_media":0,"parent":0,"menu_order":0,"comment_status":"closed","ping_status":"closed","template":"","meta":{"footnotes":""},"class_list":["post-1270","page","type-page","status-publish","hentry"],"_links":{"self":[{"href":"https:\/\/www.klipphausen.info\/index.php?rest_route=\/wp\/v2\/pages\/1270","targetHints":{"allow":["GET"]}}],"collection":[{"href":"https:\/\/www.klipphausen.info\/index.php?rest_route=\/wp\/v2\/pages"}],"about":[{"href":"https:\/\/www.klipphausen.info\/index.php?rest_route=\/wp\/v2\/types\/page"}],"author":[{"embeddable":true,"href":"https:\/\/www.klipphausen.info\/index.php?rest_route=\/wp\/v2\/users\/2"}],"replies":[{"embeddable":true,"href":"https:\/\/www.klipphausen.info\/index.php?rest_route=%2Fwp%2Fv2%2Fcomments&post=1270"}],"version-history":[{"count":7,"href":"https:\/\/www.klipphausen.info\/index.php?rest_route=\/wp\/v2\/pages\/1270\/revisions"}],"predecessor-version":[{"id":1500,"href":"https:\/\/www.klipphausen.info\/index.php?rest_route=\/wp\/v2\/pages\/1270\/revisions\/1500"}],"wp:attachment":[{"href":"https:\/\/www.klipphausen.info\/index.php?rest_route=%2Fwp%2Fv2%2Fmedia&parent=1270"}],"curies":[{"name":"wp","href":"https:\/\/api.w.org\/{rel}","templated":true}]}}