{"id":1259,"date":"2024-04-25T23:55:04","date_gmt":"2024-04-25T23:55:04","guid":{"rendered":"https:\/\/www.klipphausen.info\/wordpress\/?page_id=1259"},"modified":"2026-03-03T21:32:42","modified_gmt":"2026-03-03T21:32:42","slug":"gemeinde","status":"publish","type":"page","link":"https:\/\/www.klipphausen.info\/?page_id=1259","title":{"rendered":"Gemeinde"},"content":{"rendered":"\n<p><a href=\"https:\/\/www.klipphausen.info\/?page_id=799\" data-type=\"page\" data-id=\"799\" target=\"_blank\" rel=\"noreferrer noopener\">SZ-Artikel zu \u201eKlipphausen\u201c Links sind ungeordnet und NICHT auf Inhalte gepr\u00fcft !<\/a><\/p>\n\n\n\n<p><a href=\"https:\/\/www.klipphausen.info\/?page_id=462\" data-type=\"page\" data-id=\"462\" target=\"_blank\" rel=\"noreferrer noopener\">Vereinsr\u00e4ume der Gemeinde und Ansprechpartner<\/a><\/p>\n\n\n\n<p><a href=\"https:\/\/www.klipphausen.info\/?page_id=175\" data-type=\"page\" data-id=\"175\" target=\"_blank\" rel=\"noreferrer noopener\">Gesch\u00e4ftsordnung<\/a><\/p>\n\n\n\n<p><a href=\"https:\/\/www.klipphausen.info\/?page_id=94\" data-type=\"page\" data-id=\"94\" target=\"_blank\" rel=\"noreferrer noopener\">Satzungen<\/a><\/p>\n\n\n\n<p><a href=\"https:\/\/www.klipphausen.info\/?page_id=99\" data-type=\"page\" data-id=\"99\" target=\"_blank\" rel=\"noreferrer noopener\">Historische Dokumente<\/a><\/p>\n\n\n\n<p><a href=\"https:\/\/www.klipphausen.info\/index.php\" data-type=\"link\" data-id=\"index.php\">Startseite<\/a><\/p>\n\n\n\n<p><\/p>\n","protected":false},"excerpt":{"rendered":"<p>SZ-Artikel zu \u201eKlipphausen\u201c Links sind ungeordnet und NICHT auf Inhalte gepr\u00fcft ! Vereinsr\u00e4ume der Gemeinde und Ansprechpartner Gesch\u00e4ftsordnung Satzungen Historische Dokumente Startseite<\/p>\n","protected":false},"author":2,"featured_media":0,"parent":0,"menu_order":0,"comment_status":"closed","ping_status":"closed","template":"","meta":{"footnotes":""},"class_list":["post-1259","page","type-page","status-publish","hentry"],"_links":{"self":[{"href":"https:\/\/www.klipphausen.info\/index.php?rest_route=\/wp\/v2\/pages\/1259","targetHints":{"allow":["GET"]}}],"collection":[{"href":"https:\/\/www.klipphausen.info\/index.php?rest_route=\/wp\/v2\/pages"}],"about":[{"href":"https:\/\/www.klipphausen.info\/index.php?rest_route=\/wp\/v2\/types\/page"}],"author":[{"embeddable":true,"href":"https:\/\/www.klipphausen.info\/index.php?rest_route=\/wp\/v2\/users\/2"}],"replies":[{"embeddable":true,"href":"https:\/\/www.klipphausen.info\/index.php?rest_route=%2Fwp%2Fv2%2Fcomments&post=1259"}],"version-history":[{"count":7,"href":"https:\/\/www.klipphausen.info\/index.php?rest_route=\/wp\/v2\/pages\/1259\/revisions"}],"predecessor-version":[{"id":1495,"href":"https:\/\/www.klipphausen.info\/index.php?rest_route=\/wp\/v2\/pages\/1259\/revisions\/1495"}],"wp:attachment":[{"href":"https:\/\/www.klipphausen.info\/index.php?rest_route=%2Fwp%2Fv2%2Fmedia&parent=1259"}],"curies":[{"name":"wp","href":"https:\/\/api.w.org\/{rel}","templated":true}]}}