{"id":10,"date":"2023-01-24T16:18:08","date_gmt":"2023-01-24T16:18:08","guid":{"rendered":"https:\/\/www.klipphausen.info\/wordpress\/?page_id=10"},"modified":"2026-03-03T21:05:21","modified_gmt":"2026-03-03T21:05:21","slug":"datenschutzerklaerung","status":"publish","type":"page","link":"https:\/\/www.klipphausen.info\/?page_id=10","title":{"rendered":"Datenschutzerkl\u00e4rung"},"content":{"rendered":"\n<h2 class=\"wp-block-heading\">&#8222;1.Fraktion B\u00fcrgernetz im Gemeinderat Klipphausen&#8220;, &#8222;B\u00fcrgernetz24, &#8222;BN24&#8220;<\/h2>\n\n\n\n<p>Unsere Webseiten sind: <\/p>\n\n\n\n<p>klipphausen.info, sachsdorf.de, buergernetz24.de, b\u00fcrgernetz24.de, <\/p>\n\n\n\n<p>klipphausen.biz, klipphausen.org, klipphausen.name, klipphausen.news<\/p>\n\n\n\n<h2 class=\"wp-block-heading\">Kommentare<\/h2>\n\n\n\n<p>Wenn Besucher Kommentare auf der Website schreiben, sammeln wir die Daten, die im Kommentar-Formular angezeigt werden, au\u00dferdem die IP-Adresse des Besuchers und den User-Agent-String (damit wird der Browser identifiziert), um die Erkennung von Spam zu unterst\u00fctzen.<\/p>\n\n\n\n<p>Aus deiner E-Mail-Adresse kann eine anonymisierte Zeichenfolge erstellt (auch Hash genannt) und dem Gravatar-Dienst \u00fcbergeben werden, um zu pr\u00fcfen, ob du diesen benutzt. Die Datenschutzerkl\u00e4rung des Gravatar-Dienstes findest du hier: https:\/\/automattic.com\/privacy\/. Nachdem dein Kommentar freigegeben wurde, ist dein Profilbild \u00f6ffentlich im Kontext deines Kommentars sichtbar.<\/p>\n\n\n\n<h2 class=\"wp-block-heading\">Medien<\/h2>\n\n\n\n<p>Wenn du ein registrierter Benutzer bist und Fotos auf diese Website l\u00e4dst, solltest du vermeiden, Fotos mit einem EXIF-GPS-Standort hochzuladen. Besucher dieser Website k\u00f6nnten Fotos, die auf dieser Website gespeichert sind, herunterladen und deren Standort-Informationen extrahieren.<\/p>\n\n\n\n<h2 class=\"wp-block-heading\">Cookies<\/h2>\n\n\n\n<p>Wenn du einen Kommentar auf unserer Website schreibst, kann das eine Einwilligung sein, deinen Namen, E-Mail-Adresse und Website in Cookies zu speichern. Dies ist eine Komfortfunktion, damit du nicht, wenn du einen weiteren Kommentar schreibst, all diese Daten erneut eingeben musst. Diese Cookies werden ein Jahr lang gespeichert.<\/p>\n\n\n\n<p>Falls du ein Konto hast und dich auf dieser Website anmeldest, werden wir ein tempor\u00e4res Cookie setzen, um festzustellen, ob dein Browser Cookies akzeptiert. Dieses Cookie enth\u00e4lt keine personenbezogenen Daten und wird verworfen, wenn du deinen Browser schlie\u00dft.<\/p>\n\n\n\n<p>Wenn du dich anmeldest, werden wir einige Cookies einrichten, um deine Anmeldeinformationen und Anzeigeoptionen zu speichern. Anmelde-Cookies verfallen nach zwei Tagen und Cookies f\u00fcr die Anzeigeoptionen nach einem Jahr. Falls du bei der Anmeldung \u201eAngemeldet bleiben\u201c ausw\u00e4hlst, wird deine Anmeldung zwei Wochen lang aufrechterhalten. Mit der Abmeldung aus deinem Konto werden die Anmelde-Cookies gel\u00f6scht.<\/p>\n\n\n\n<p>Wenn du einen Artikel bearbeitest oder ver\u00f6ffentlichst, wird ein zus\u00e4tzlicher Cookie in deinem Browser gespeichert. Dieser Cookie enth\u00e4lt keine personenbezogenen Daten und verweist nur auf die Beitrags-ID des Artikels, den du gerade bearbeitet hast. Der Cookie verf\u00e4llt nach einem Tag.<\/p>\n\n\n\n<p>Der Provider der Seiten erhebt und speichert automatisch Informationen in so genannten Server-Log-Dateien, die Ihr Browser automatisch an uns \u00fcbermittelt. Dies sind:<\/p>\n\n\n\n<ul class=\"wp-block-list\">\n<li>Browsertyp und Browserversion<\/li>\n\n\n\n<li>verwendetes Betriebssystem<\/li>\n\n\n\n<li>Hostname des zugreifenden Rechners<\/li>\n\n\n\n<li>Uhrzeit der Serveranfrage<\/li>\n\n\n\n<li>IP-Adresse<\/li>\n<\/ul>\n\n\n\n<p>Eine Zusammenf\u00fchrung dieser Daten mit anderen Datenquellen wird nicht vorgenommen.<\/p>\n\n\n\n<p>Grundlage f\u00fcr die Datenverarbeitung ist Art. 6 Abs. 1 lit. f DSGVO, der die Verarbeitung von Daten zur Erf\u00fcllung eines Vertrags oder vorvertraglicher Ma\u00dfnahmen gestattet.<\/p>\n\n\n\n<h2 class=\"wp-block-heading\">Eingebettete Inhalte von anderen Websites<\/h2>\n\n\n\n<p>Beitr\u00e4ge auf dieser Website k\u00f6nnen eingebettete Inhalte beinhalten (z.&nbsp;B. Videos, Bilder, Beitr\u00e4ge etc.). Eingebettete Inhalte von anderen Websites verhalten sich exakt so, als ob der Besucher die andere Website besucht h\u00e4tte.<\/p>\n\n\n\n<p>Diese Websites k\u00f6nnen Daten \u00fcber dich sammeln, Cookies benutzen, zus\u00e4tzliche Tracking-Dienste von Dritten einbetten und deine Interaktion mit diesem eingebetteten Inhalt aufzeichnen, inklusive deiner Interaktion mit dem eingebetteten Inhalt, falls du ein Konto hast und auf dieser Website angemeldet bist.<\/p>\n\n\n\n<h2 class=\"wp-block-heading\">Mit wem wir deine Daten teilen<\/h2>\n\n\n\n<p>Wenn du eine Zur\u00fccksetzung des Passworts beantragst, wird deine IP-Adresse in der E-Mail zur Zur\u00fccksetzung enthalten sein.<\/p>\n\n\n\n<h2 class=\"wp-block-heading\">Wie lange wir deine Daten speichern<\/h2>\n\n\n\n<p>Wenn du einen Kommentar schreibst, wird dieser inklusive Metadaten zeitlich unbegrenzt gespeichert. Auf diese Art k\u00f6nnen wir Folgekommentare automatisch erkennen und freigeben, anstatt sie in einer Moderations-Warteschlange festzuhalten.<\/p>\n\n\n\n<p>F\u00fcr Benutzer, die sich auf unserer Website registrieren, speichern wir zus\u00e4tzlich die pers\u00f6nlichen Informationen, die sie in ihren Benutzerprofilen angeben. Alle Benutzer k\u00f6nnen jederzeit ihre pers\u00f6nlichen Informationen einsehen, ver\u00e4ndern oder l\u00f6schen (der Benutzername kann nicht ver\u00e4ndert werden). Administratoren der Website k\u00f6nnen diese Informationen ebenfalls einsehen und ver\u00e4ndern.<\/p>\n\n\n\n<p><\/p>\n\n\n\n<h3 class=\"wp-block-heading\">Welche Rechte gibt es in Bezug auf die Erfassung von Daten?<\/h3>\n\n\n\n<p>Grundlage f\u00fcr die Datenverarbeitung ist Art. 6 Abs. 1 DSGVO.<\/p>\n\n\n\n<p>Die DSGVO r\u00e4umt insbesondere folgende Rechte ein:<\/p>\n\n\n\n<ul class=\"wp-block-list\">\n<li>Auskunftsrecht \u00fcber die zur eigenen Person gespeicherten Daten und deren Verarbeitung (Artikel 15 DSGVO)<\/li>\n\n\n\n<li>Recht auf Datenberichtigung, sofern die eigenen Daten unrichtig oder unvollst\u00e4ndig sein sollten (Artikel 16 DSGVO)<\/li>\n\n\n\n<li>Recht auf L\u00f6schung der zur Person gespeicherten Daten (Artikel 17 DSGVO), sofern eine der Voraussetzungen von Artikel 17 DSGVO zutrifft.<\/li>\n\n\n\n<li>Recht auf Einschr\u00e4nkung der Datenverarbeitung, sofern die Daten unrechtm\u00e4\u00dfig verarbeitet wurden (Artikel 18 DSGVO)<\/li>\n\n\n\n<li>Recht auf Widerspruch gegen bestimmte Datenverarbeitungen (Artikel 21 DSGVO), sofern an der Verarbeitung kein zwingendes \u00f6ffentliches Interesse besteht, dass das Interesse der betroffenen Person \u00fcberwiegt, und keine Rechtsvorschrift zur Verarbeitung verpflichtet.<\/li>\n<\/ul>\n\n\n\n<p>Um diese Rechte auszu\u00fcben, muss sich bitte an die datenverarbeitende Stelle oder an den benannten Datenschutzbeauftragten gewendet werden.<\/p>\n\n\n\n<p>Laut Artikel 77 DSGVO besteht au\u00dferdem das Recht, sich bei der Aufsichtsbeh\u00f6rde zu beschweren wenn die Vermutung besteht das die Datenverarbeitung nicht rechtm\u00e4\u00dfig erfolgt.<\/p>\n\n\n\n<p>Es besteht jederzeit das Recht unentgeltlich Auskunft \u00fcber Herkunft, Empf\u00e4nger und Zweck der eigenen gespeicherten personenbezogenen Daten zu erhalten. Au\u00dferdem besteht das Recht, die Berichtigung, Sperrung oder L\u00f6schung dieser Daten zu verlangen. Hierzu sowie zu weiteren Fragen zum Thema Datenschutz kann sich jederzeit an den beh\u00f6rdlichen Datenschutzbeauftragten unter der oben benannten Adresse gewendet werden. Des Weiteren steht ein Beschwerderecht bei der zust\u00e4ndigen Aufsichtsbeh\u00f6rde zu.<\/p>\n\n\n\n<p>Wenn du ein Konto auf dieser Website besitzt oder Kommentare geschrieben hast, kannst du einen Export deiner personenbezogenen Daten bei uns anfordern, inklusive aller Daten, die du uns mitgeteilt hast. Dar\u00fcber hinaus kannst du die L\u00f6schung aller personenbezogenen Daten, die wir von dir gespeichert haben, anfordern. Dies umfasst nicht die Daten, die wir aufgrund administrativer, rechtlicher oder sicherheitsrelevanter Notwendigkeiten aufbewahren m\u00fcssen.<\/p>\n\n\n\n<p>Aufsichtsbeh\u00f6rde ist:<br>Der S\u00e4chsische Datenschutzbeauftragte<br>Bernhard-von-Lindenau-Platz 1<br>01067 Dresden.<\/p>\n\n\n\n<h2 class=\"wp-block-heading\">Wohin deine Daten gesendet werden<\/h2>\n\n\n\n<p>Besucher-Kommentare k\u00f6nnten von einem automatisierten Dienst zur Spam-Erkennung untersucht werden.<\/p>\n","protected":false},"excerpt":{"rendered":"<p>&#8222;1.Fraktion B\u00fcrgernetz im Gemeinderat Klipphausen&#8220;, &#8222;B\u00fcrgernetz24, &#8222;BN24&#8220; Unsere Webseiten sind: klipphausen.info, sachsdorf.de, buergernetz24.de, b\u00fcrgernetz24.de, klipphausen.biz, klipphausen.org, klipphausen.name, klipphausen.news Kommentare Wenn Besucher Kommentare auf der Website schreiben, sammeln wir die Daten,&hellip;<\/p>\n","protected":false},"author":2,"featured_media":0,"parent":0,"menu_order":0,"comment_status":"closed","ping_status":"closed","template":"","meta":{"footnotes":""},"class_list":["post-10","page","type-page","status-publish","hentry"],"_links":{"self":[{"href":"https:\/\/www.klipphausen.info\/index.php?rest_route=\/wp\/v2\/pages\/10","targetHints":{"allow":["GET"]}}],"collection":[{"href":"https:\/\/www.klipphausen.info\/index.php?rest_route=\/wp\/v2\/pages"}],"about":[{"href":"https:\/\/www.klipphausen.info\/index.php?rest_route=\/wp\/v2\/types\/page"}],"author":[{"embeddable":true,"href":"https:\/\/www.klipphausen.info\/index.php?rest_route=\/wp\/v2\/users\/2"}],"replies":[{"embeddable":true,"href":"https:\/\/www.klipphausen.info\/index.php?rest_route=%2Fwp%2Fv2%2Fcomments&post=10"}],"version-history":[{"count":5,"href":"https:\/\/www.klipphausen.info\/index.php?rest_route=\/wp\/v2\/pages\/10\/revisions"}],"predecessor-version":[{"id":1484,"href":"https:\/\/www.klipphausen.info\/index.php?rest_route=\/wp\/v2\/pages\/10\/revisions\/1484"}],"wp:attachment":[{"href":"https:\/\/www.klipphausen.info\/index.php?rest_route=%2Fwp%2Fv2%2Fmedia&parent=10"}],"curies":[{"name":"wp","href":"https:\/\/api.w.org\/{rel}","templated":true}]}}